{"id":37,"date":"2024-05-06T14:23:01","date_gmt":"2024-05-06T12:23:01","guid":{"rendered":"http:\/\/umklubl.cluster023.hosting.ovh.net\/?page_id=37"},"modified":"2024-05-28T19:14:44","modified_gmt":"2024-05-28T17:14:44","slug":"actualites","status":"publish","type":"page","link":"https:\/\/www.microbrasseriekerblei.com\/index.php\/actualites\/","title":{"rendered":"ACTUALITES"},"content":{"rendered":"<p>[et_pb_section fb_built=\u00a0\u00bb1&Prime; admin_label=\u00a0\u00bbHeader &#038; Blog\u00a0\u00bb _builder_version=\u00a0\u00bb4.25.0&Prime; _module_preset=\u00a0\u00bbdefault\u00a0\u00bb background_color=\u00a0\u00bbgcid-95647beb-425a-4b6f-8916-927ec383f8b2&Prime; locked=\u00a0\u00bboff\u00a0\u00bb collapsed=\u00a0\u00bbon\u00a0\u00bb global_colors_info=\u00a0\u00bb{%22gcid-95647beb-425a-4b6f-8916-927ec383f8b2%22:%91%22background_color%22%93}\u00a0\u00bb][et_pb_row _builder_version=\u00a0\u00bb4.25.0&Prime; _module_preset=\u00a0\u00bbdefault\u00a0\u00bb][et_pb_column _builder_version=\u00a0\u00bb4.25.0&Prime; _module_preset=\u00a0\u00bbdefault\u00a0\u00bb type=\u00a0\u00bb4_4&Prime;][et_pb_text _builder_version=\u00a0\u00bb4.25.0&Prime; _module_preset=\u00a0\u00bbdefault\u00a0\u00bb hover_enabled=\u00a0\u00bb0&Prime; sticky_enabled=\u00a0\u00bb0&Prime; inline_fonts=\u00a0\u00bbAantropos\u00a0\u00bb]<\/p>\n<h1 style=\"text-align: center;\"><span style=\"color: #ffffff; font-family: Aantropos; font-weight: normal;\">Nos Actualit\u00e9s<\/span><\/h1>\n<p>[\/et_pb_text][\/et_pb_column][\/et_pb_row][et_pb_row _builder_version=\u00a0\u00bb4.24.3&Prime; _module_preset=\u00a0\u00bbdefault\u00a0\u00bb max_width=\u00a0\u00bbnone\u00a0\u00bb global_colors_info=\u00a0\u00bb{}\u00a0\u00bb column_structure=\u00a0\u00bb3_5,2_5&Prime; custom_padding=\u00a0\u00bb||7px|||\u00a0\u00bb][et_pb_column type=\u00a0\u00bb3_5&Prime; _builder_version=\u00a0\u00bb4.24.3&Prime; _module_preset=\u00a0\u00bbdefault\u00a0\u00bb global_colors_info=\u00a0\u00bb{}\u00a0\u00bb][et_pb_text _builder_version=\u00a0\u00bb4.25.0&Prime; _module_preset=\u00a0\u00bbdefault\u00a0\u00bb text_font=\u00a0\u00bbNunito||||||||\u00a0\u00bb text_font_size=\u00a0\u00bb16px\u00a0\u00bb hover_enabled=\u00a0\u00bb0&Prime; global_colors_info=\u00a0\u00bb{}\u00a0\u00bb sticky_enabled=\u00a0\u00bb0&Prime; custom_padding=\u00a0\u00bb||34px|||\u00a0\u00bb]<\/p>\n<p><span style=\"color: #ffffff;\">\ud83e\udd43 Le compte \u00e0 rebours a commenc\u00e9 ! \ud83e\udd43<\/span><\/p>\n<p><span style=\"color: #ffffff;\">\u00a0<\/span><\/p>\n<div dir=\"ltr\"><\/div>\n<div dir=\"ltr\">Prochainement, une gamme de 2 types de whisky : une 1 \u00e8re g\u00e9n\u00e9ration l\u00e9g\u00e8rement tourb\u00e9e avec des notes fruit\u00e9s et une 2 \u00e8me g\u00e9n\u00e9ration sur des notes plus tourb\u00e9es et une fraicheur v\u00e9g\u00e9tale et \u00e9pic\u00e9e.<\/div>\n<p>&nbsp;<\/p>\n<p><span style=\"color: #ffffff;\">Restez \u00e0 l&rsquo;aff\u00fbt, le d\u00e9compte est lanc\u00e9 ! Bient\u00f4t disponible sur notre site, une exp\u00e9rience sensorielle incomparable vous attend. <\/span><\/p>\n<p>[\/et_pb_text][\/et_pb_column][et_pb_column type=\u00a0\u00bb2_5&Prime; _builder_version=\u00a0\u00bb4.24.3&Prime; _module_preset=\u00a0\u00bbdefault\u00a0\u00bb global_colors_info=\u00a0\u00bb{}\u00a0\u00bb][et_pb_slider _builder_version=\u00a0\u00bb4.25.0&Prime; _module_preset=\u00a0\u00bbdefault\u00a0\u00bb][\/et_pb_slider][et_pb_slider _builder_version=\u00a0\u00bb4.25.0&Prime; _module_preset=\u00a0\u00bbdefault\u00a0\u00bb alt=\u00a0\u00bbverre de whisky kerblei\u00a0\u00bb title_text=\u00a0\u00bbverreWhisky\u00a0\u00bb background_image=\u00a0\u00bbhttps:\/\/www.microbrasseriekerblei.com\/wp-content\/uploads\/2024\/05\/verreWhisky.jpg\u00a0\u00bb hover_enabled=\u00a0\u00bb0&Prime; sticky_enabled=\u00a0\u00bb0&Prime;][\/et_pb_slider][et_pb_slider _builder_version=\u00a0\u00bb4.25.0&Prime; _module_preset=\u00a0\u00bbdefault\u00a0\u00bb hover_enabled=\u00a0\u00bb0&Prime; sticky_enabled=\u00a0\u00bb0&Prime; custom_margin=\u00a0\u00bb-166px|||||\u00a0\u00bb custom_padding=\u00a0\u00bb128px||447px|||\u00a0\u00bb auto=\u00a0\u00bbon\u00a0\u00bb][et_pb_slide _builder_version=\u00a0\u00bb4.25.0&Prime; _module_preset=\u00a0\u00bbdefault\u00a0\u00bb background_color=\u00a0\u00bbRGBA(255,255,255,0)\u00a0\u00bb background_enable_color=\u00a0\u00bbon\u00a0\u00bb alt=\u00a0\u00bbTonneaux de whisky en fermentation Kerblei\u00a0\u00bb title_text=\u00a0\u00bbtonneauxPortrait\u00a0\u00bb background_image=\u00a0\u00bbhttps:\/\/www.microbrasseriekerblei.com\/wp-content\/uploads\/2024\/05\/tonneauxPortrait.jpg\u00a0\u00bb background_enable_image=\u00a0\u00bbon\u00a0\u00bb hover_enabled=\u00a0\u00bb0&Prime; sticky_enabled=\u00a0\u00bb0&Prime;][\/et_pb_slide][et_pb_slide _builder_version=\u00a0\u00bb4.25.0&Prime; _module_preset=\u00a0\u00bbdefault\u00a0\u00bb background_color=\u00a0\u00bbRGBA(255,255,255,0)\u00a0\u00bb background_enable_color=\u00a0\u00bbon\u00a0\u00bb alt=\u00a0\u00bbverre de whisky kerblei\u00a0\u00bb title_text=\u00a0\u00bbverreWhisky\u00a0\u00bb background_image=\u00a0\u00bbhttps:\/\/www.microbrasseriekerblei.com\/wp-content\/uploads\/2024\/05\/verreWhisky.jpg\u00a0\u00bb background_enable_image=\u00a0\u00bbon\u00a0\u00bb hover_enabled=\u00a0\u00bb0&Prime; sticky_enabled=\u00a0\u00bb0&Prime;][\/et_pb_slide][\/et_pb_slider][\/et_pb_column][\/et_pb_row][et_pb_row _builder_version=\u00a0\u00bb4.25.0&Prime; _module_preset=\u00a0\u00bbdefault\u00a0\u00bb][et_pb_column _builder_version=\u00a0\u00bb4.25.0&Prime; _module_preset=\u00a0\u00bbdefault\u00a0\u00bb type=\u00a0\u00bb4_4&Prime;][et_pb_countdown_timer title=\u00a0\u00bbEn vieillissement en barrique&#8230;\u00a0\u00bb date_time=\u00a0\u00bb2027-05-01 11:12&Prime; _builder_version=\u00a0\u00bb4.25.0&Prime; _module_preset=\u00a0\u00bbdefault\u00a0\u00bb header_font=\u00a0\u00bbAantropos||||||||\u00a0\u00bb header_font_size=\u00a0\u00bb22px\u00a0\u00bb numbers_font_size=\u00a0\u00bb37px\u00a0\u00bb numbers_line_height=\u00a0\u00bb36px\u00a0\u00bb background_color=\u00a0\u00bbgcid-cda4471f-892e-4743-849d-2cb3737a1499&Prime; background_enable_image=\u00a0\u00bboff\u00a0\u00bb width=\u00a0\u00bb100%\u00a0\u00bb max_width=\u00a0\u00bb100%\u00a0\u00bb module_alignment=\u00a0\u00bbcenter\u00a0\u00bb custom_padding=\u00a0\u00bb|||0px||\u00a0\u00bb filter_brightness=\u00a0\u00bb99%\u00a0\u00bb numbers_font_size_tablet=\u00a0\u00bb37px\u00a0\u00bb numbers_font_size_phone=\u00a0\u00bb20px\u00a0\u00bb numbers_font_size_last_edited=\u00a0\u00bbon|phone\u00a0\u00bb label_font_size_tablet=\u00a0\u00bb\u00a0\u00bb label_font_size_phone=\u00a0\u00bb10px\u00a0\u00bb label_font_size_last_edited=\u00a0\u00bbon|phone\u00a0\u00bb global_colors_info=\u00a0\u00bb{%22gcid-cda4471f-892e-4743-849d-2cb3737a1499%22:%91%22background_color%22%93}\u00a0\u00bb][\/et_pb_countdown_timer][\/et_pb_column][\/et_pb_row][\/et_pb_section]<\/p>\n","protected":false},"excerpt":{"rendered":"<p>Nos Actualit\u00e9s\ud83e\udd43 Le compte \u00e0 rebours a commenc\u00e9 ! \ud83e\udd43 \u00a0 Prochainement, une gamme de 2 types de whisky : une 1 \u00e8re g\u00e9n\u00e9ration l\u00e9g\u00e8rement tourb\u00e9e avec des notes fruit\u00e9s et une 2 \u00e8me g\u00e9n\u00e9ration sur des notes plus tourb\u00e9es et une fraicheur v\u00e9g\u00e9tale et \u00e9pic\u00e9e. &nbsp; Restez \u00e0 l&rsquo;aff\u00fbt, le d\u00e9compte est lanc\u00e9 ! [&hellip;]<\/p>\n","protected":false},"author":1,"featured_media":0,"parent":0,"menu_order":0,"comment_status":"closed","ping_status":"closed","template":"","meta":{"_et_pb_use_builder":"on","_et_pb_old_content":"","_et_gb_content_width":"","footnotes":""},"class_list":["post-37","page","type-page","status-publish","hentry"],"jetpack_sharing_enabled":true,"_links":{"self":[{"href":"https:\/\/www.microbrasseriekerblei.com\/index.php\/wp-json\/wp\/v2\/pages\/37","targetHints":{"allow":["GET"]}}],"collection":[{"href":"https:\/\/www.microbrasseriekerblei.com\/index.php\/wp-json\/wp\/v2\/pages"}],"about":[{"href":"https:\/\/www.microbrasseriekerblei.com\/index.php\/wp-json\/wp\/v2\/types\/page"}],"author":[{"embeddable":true,"href":"https:\/\/www.microbrasseriekerblei.com\/index.php\/wp-json\/wp\/v2\/users\/1"}],"replies":[{"embeddable":true,"href":"https:\/\/www.microbrasseriekerblei.com\/index.php\/wp-json\/wp\/v2\/comments?post=37"}],"version-history":[{"count":29,"href":"https:\/\/www.microbrasseriekerblei.com\/index.php\/wp-json\/wp\/v2\/pages\/37\/revisions"}],"predecessor-version":[{"id":702,"href":"https:\/\/www.microbrasseriekerblei.com\/index.php\/wp-json\/wp\/v2\/pages\/37\/revisions\/702"}],"wp:attachment":[{"href":"https:\/\/www.microbrasseriekerblei.com\/index.php\/wp-json\/wp\/v2\/media?parent=37"}],"curies":[{"name":"wp","href":"https:\/\/api.w.org\/{rel}","templated":true}]}}